{"id":935,"date":"2016-05-24T14:54:30","date_gmt":"2016-05-24T14:54:30","guid":{"rendered":"http:\/\/project4.pixelsenbytes.nl\/wordpress\/?page_id=935"},"modified":"2017-02-24T11:21:27","modified_gmt":"2017-02-24T11:21:27","slug":"info-y-datos","status":"publish","type":"page","link":"https:\/\/fusariumwilt.org\/index.php\/es\/info-y-datos\/","title":{"rendered":"Info y datos"},"content":{"rendered":"<p>[et_pb_section transparent_background=&#8221;off&#8221; allow_player_pause=&#8221;off&#8221; inner_shadow=&#8221;off&#8221; parallax=&#8221;off&#8221; parallax_method=&#8221;off&#8221; padding_mobile=&#8221;off&#8221; make_fullwidth=&#8221;off&#8221; use_custom_width=&#8221;off&#8221; width_unit=&#8221;on&#8221; custom_width_px=&#8221;1080px&#8221; custom_width_percent=&#8221;80%&#8221; make_equal=&#8221;off&#8221; use_custom_gutter=&#8221;off&#8221; fullwidth=&#8221;off&#8221; specialty=&#8221;off&#8221; admin_label=&#8221;section&#8221; module_id=&#8221;Biolog\u00eda&#8221; disabled=&#8221;off&#8221;][et_pb_row make_fullwidth=&#8221;on&#8221; use_custom_width=&#8221;off&#8221; width_unit=&#8221;on&#8221; custom_width_px=&#8221;1080px&#8221; custom_width_percent=&#8221;80%&#8221; use_custom_gutter=&#8221;on&#8221; gutter_width=&#8221;1&#8243; custom_padding=&#8221;0px|0px|15px|0px&#8221; padding_mobile=&#8221;off&#8221; allow_player_pause=&#8221;off&#8221; parallax=&#8221;off&#8221; parallax_method=&#8221;off&#8221; make_equal=&#8221;off&#8221; column_padding_mobile=&#8221;on&#8221; parallax_1=&#8221;off&#8221; parallax_method_1=&#8221;off&#8221; parallax_2=&#8221;off&#8221; parallax_method_2=&#8221;on&#8221; parallax_3=&#8221;off&#8221; parallax_method_3=&#8221;on&#8221; parallax_4=&#8221;off&#8221; parallax_method_4=&#8221;on&#8221; admin_label=&#8221;row&#8221; disabled=&#8221;off&#8221;][et_pb_column type=&#8221;4_4&#8243; disabled=&#8221;off&#8221; parallax=&#8221;off&#8221; parallax_method=&#8221;off&#8221; column_padding_mobile=&#8221;on&#8221;][et_pb_gallery gallery_ids=&#8221;1130,1131,1132,1133,1134,1135,1136,1137,1138,1139,1140,1141,1142,1143,1144,1145,1147,1150,1149,1148,1146,1762,1763,1764,1765,1766,1767,1768,1769,1770,1771,1772,1773,1774,1775,1776,1777,1778,1779,1780,1781,1782&#8243; fullwidth=&#8221;on&#8221; posts_number=&#8221;4&#8243; show_title_and_caption=&#8221;on&#8221; show_pagination=&#8221;off&#8221; background_layout=&#8221;dark&#8221; auto=&#8221;on&#8221; auto_speed=&#8221;7000&#8243; admin_label=&#8221;Gallery&#8221; caption_font=&#8221;Verdana||||&#8221; caption_text_color=&#8221;#ffffff&#8221; use_border_color=&#8221;off&#8221; border_color=&#8221;#ffffff&#8221; border_width=&#8221;1px&#8221; border_style=&#8221;solid&#8221; disabled=&#8221;off&#8221; saved_tabs=&#8221;all&#8221;] [\/et_pb_gallery][\/et_pb_column][\/et_pb_row][et_pb_row make_fullwidth=&#8221;off&#8221; use_custom_width=&#8221;off&#8221; width_unit=&#8221;on&#8221; custom_width_px=&#8221;1080px&#8221; custom_width_percent=&#8221;80%&#8221; use_custom_gutter=&#8221;on&#8221; gutter_width=&#8221;1&#8243; custom_padding=&#8221;20px|||&#8221; padding_mobile=&#8221;on&#8221; allow_player_pause=&#8221;off&#8221; parallax=&#8221;off&#8221; parallax_method=&#8221;off&#8221; make_equal=&#8221;off&#8221; column_padding_mobile=&#8221;on&#8221; parallax_1=&#8221;off&#8221; parallax_method_1=&#8221;off&#8221; parallax_2=&#8221;off&#8221; parallax_method_2=&#8221;on&#8221; parallax_3=&#8221;off&#8221; parallax_method_3=&#8221;on&#8221; parallax_4=&#8221;off&#8221; parallax_method_4=&#8221;on&#8221; admin_label=&#8221;Row&#8221; disabled=&#8221;off&#8221;][et_pb_column type=&#8221;4_4&#8243; disabled=&#8221;off&#8221; parallax=&#8221;off&#8221; parallax_method=&#8221;off&#8221; column_padding_mobile=&#8221;on&#8221;][et_pb_text background_layout=&#8221;light&#8221; text_orientation=&#8221;left&#8221; admin_label=&#8221;Biolog\u00eda de la banana&#8221; text_font=&#8221;Arvo|||on|&#8221; text_font_size=&#8221;24&#8243; text_text_color=&#8221;#595959&#8243; use_border_color=&#8221;off&#8221; border_style=&#8221;solid&#8221; disabled=&#8221;off&#8221;]<\/p>\n<h1>Biolog\u00eda de la banana<\/h1>\n<p>[\/et_pb_text][\/et_pb_column][\/et_pb_row][et_pb_row make_fullwidth=&#8221;off&#8221; use_custom_width=&#8221;off&#8221; width_unit=&#8221;on&#8221; custom_width_px=&#8221;1080px&#8221; custom_width_percent=&#8221;80%&#8221; use_custom_gutter=&#8221;on&#8221; gutter_width=&#8221;1&#8243; custom_padding=&#8221;0px|0px|0px|0px&#8221; padding_mobile=&#8221;on&#8221; allow_player_pause=&#8221;off&#8221; parallax=&#8221;off&#8221; parallax_method=&#8221;off&#8221; make_equal=&#8221;off&#8221; column_padding_mobile=&#8221;on&#8221; parallax_1=&#8221;off&#8221; parallax_method_1=&#8221;off&#8221; parallax_2=&#8221;off&#8221; parallax_method_2=&#8221;off&#8221; parallax_3=&#8221;off&#8221; parallax_method_3=&#8221;off&#8221; parallax_4=&#8221;off&#8221; parallax_method_4=&#8221;off&#8221; admin_label=&#8221;Row&#8221; disabled=&#8221;off&#8221;][et_pb_column type=&#8221;1_4&#8243; disabled=&#8221;off&#8221; parallax=&#8221;off&#8221; parallax_method=&#8221;off&#8221; column_padding_mobile=&#8221;on&#8221;][et_pb_text background_layout=&#8221;light&#8221; text_orientation=&#8221;left&#8221; admin_label=&#8221;Text&#8221; use_border_color=&#8221;off&#8221; border_style=&#8221;solid&#8221; custom_margin=&#8221;15px|15px|15px|0px&#8221; disabled=&#8221;off&#8221;]<\/p>\n<p><strong>La planta de banana (banano y pl&aacute;tano) es una de la plantas cultivadas m&aacute;s antiguas. Es nativa de las regiones tropicales del sur y del sudeste asi&aacute;tico. All&iacute; est&aacute; su centro gen&eacute;tico y, por lo tanto, la mayor diversidad gen&eacute;tica de la planta de banana silvestre. El muestreo de esta diversidad es crucial para el futuro mejoramiento gen&eacute;tico de este cultivo. En el <a href=\"http:\/\/www.bioversityinternational.org\/research\/conservation\/genebanks\/musa_international_transit_centre.html\" target=\"_blank\">ITC<\/a> (International Transit Center) ya se est&aacute; conservando una gran colecci&oacute;n de accesiones de bananas.<\/strong><\/p>\n<p>&nbsp;<\/p>\n<p>Dentro de las plantas herb&aacute;ceas con flores, la planta de banana es la m&aacute;s grande. Entonces, &iexcl;las bananas no crecen en &aacute;rboles reales! Su seudotallo crece desde un cormo hasta una altura de entre 6 y7,6 metros (20 a 24,9 pies) de alto. Cada seudotallo produce, generalmente, un solo racimo de frutos.<\/p>\n<p>El seudotallo muere despu&eacute;s de la producci&oacute;n de frutos, pero a partir de la base de la planta se<\/p>\n<p>[\/et_pb_text][\/et_pb_column][et_pb_column type=&#8221;1_4&#8243; disabled=&#8221;off&#8221; parallax=&#8221;off&#8221; parallax_method=&#8221;off&#8221; column_padding_mobile=&#8221;on&#8221;][et_pb_text background_layout=&#8221;light&#8221; text_orientation=&#8221;left&#8221; admin_label=&#8221;Text&#8221; use_border_color=&#8221;off&#8221; border_style=&#8221;solid&#8221; custom_margin=&#8221;15px|15px|15px|0px&#8221; disabled=&#8221;off&#8221;]<\/p>\n<p><span style=\"font-size: 14px;\">desarrollan brotes -o reto&ntilde;os-,&nbsp;<\/span><span style=\"font-size: 14px;\">y se generan as&iacute; nuevos seudotallos con la capacidad de producir un nuevo racimo de frutos.&nbsp;<\/span><\/p>\n<p>Las flores femeninas (las cuales se desarrollan en el fruto) aparecen en filas al final del seudotallo (cerca delas hojas) desde las filas de flores masculinas. El ovario es &iacute;nfero, lo que significa que los diminutos p&eacute;talos y otras partes de la flor aparecen en la punta del ovario.<\/p>\n<p>Los frutos se desarrollan desde el coraz&oacute;n de la planta, formando un gran racimo colgante, que se compone de3 a 20 manos, con hasta 20 frutos (o dedos) por mano. Un racimo puede pesar entre 30 y 50 kilos.<\/p>\n<p>En la actualidad, la gran mayor&iacute;a de las plantas de banana (pl&aacute;tano y banano) cultivadas descienden de dos especies de bananas silvestres: Musa acuminata (AA) y Musa balbisiana (BB). Mientras que las bananas silvestres originales conten&iacute;an semillas del tama&ntilde;o de un guisante,&nbsp;<span style=\"font-size: 14px;\">las variedades comestibles no&nbsp;<\/span><span style=\"font-size: 14px;\">&nbsp;poseen<\/span><\/p>\n<p>&nbsp;<\/p>\n<p>[\/et_pb_text][\/et_pb_column][et_pb_column type=&#8221;1_4&#8243; disabled=&#8221;off&#8221; parallax=&#8221;off&#8221; parallax_method=&#8221;off&#8221; column_padding_mobile=&#8221;on&#8221;][et_pb_text background_layout=&#8221;light&#8221; text_orientation=&#8221;left&#8221; admin_label=&#8221;Text&#8221; use_border_color=&#8221;off&#8221; border_style=&#8221;solid&#8221; custom_margin=&#8221;15px|15px|15px|0px&#8221; disabled=&#8221;off&#8221;]<\/p>\n<p>semillas, ya que son el resultado del proceso de <a href=\"http:\/\/en.wikipedia.org\/wiki\/Parthenocarpy\" target=\"_blank\">partenocarpia<\/a>.<\/p>\n<p>El fruto se desarrolla sin la fertilizaci\u00f3n del \u00f3vulo. Elloevidentemente, afecta la propagaci\u00f3n, que, por lo tanto, generalmente implica la eliminaci\u00f3n de los brotes por parte de los agricultores;y en el caso de las plantaciones industriales, se producen millones de pl\u00e1ntulas a trav\u00e9s del cultivo de tejidos.<\/p>\n<p>No obstante, casi todas las plantas comerciales de banana (ej. Cavendish, labanana m\u00e1s popular que se consumeen la actualidad), derivan de clones; esto quiere decir que las plantas son gen\u00e9ticamente id\u00e9nticas. Por lo tanto, la producci\u00f3n de banano es extremadamente vulnerable a epidemias. Lo bueno es que las plantaciones pueden ser rehabilitadas de una manera relativamente f\u00e1cil, despu\u00e9s de, por ejemplo, el pasaje de tifones, los que ocurren frecuentemente en sudeste asi\u00e1tico.<br \/>\nAdem\u00e1s de Cavendish, existen<\/p>\n<p>[\/et_pb_text][\/et_pb_column][et_pb_column type=&#8221;1_4&#8243; disabled=&#8221;off&#8221; parallax=&#8221;off&#8221; parallax_method=&#8221;off&#8221; column_padding_mobile=&#8221;on&#8221;][et_pb_text background_layout=&#8221;light&#8221; text_orientation=&#8221;left&#8221; admin_label=&#8221;Text&#8221; use_border_color=&#8221;off&#8221; border_style=&#8221;solid&#8221; custom_margin=&#8221;15px|15px|15px|0px&#8221; disabled=&#8221;off&#8221;]<\/p>\n<p><a style=\"font-size: 14px;\" href=\"http:\/\/en.wikipedia.org\/wiki\/List_of_banana_cultivars\" target=\"blank\">otras variedades de bananas comestibles<\/a>&nbsp;<span style=\"font-size: 14px;\">(y recuerda que la gran mayor&iacute;a de lasetiquetas que encuentres en las bananas, ser&aacute;, seguramente, de Cavendish).<\/span><\/p>\n<p>La gran diversidad gen&eacute;tica que est&aacute; presente en las plantas silvestres de banana permanece inexplorada, ya que no pueden ni ser consumidas, ni ser utilizadas en los programas de cruzamiento directo con Cavendish, con el objetivo de la mejora de la banana.<\/p>\n<p>El mejoramiento gen&eacute;tico es, por lo tanto, una tarea dif&iacute;cil ya largo plazo; literalmente, toma d&eacute;cadas liberar nuevas variedades que satisfagan los requerimientos que exige el consumidor. Lo triste es que&laquo;Cavendish&raquo; sucumbe ante el Marchitez por Fusarium y no existe ninguna otra variedad que pueda remplazarla.<\/p>\n<p>[\/et_pb_text][\/et_pb_column][\/et_pb_row][et_pb_row make_fullwidth=&#8221;off&#8221; use_custom_width=&#8221;off&#8221; width_unit=&#8221;on&#8221; custom_width_px=&#8221;1080px&#8221; custom_width_percent=&#8221;80%&#8221; use_custom_gutter=&#8221;on&#8221; gutter_width=&#8221;1&#8243; padding_mobile=&#8221;on&#8221; allow_player_pause=&#8221;off&#8221; parallax=&#8221;off&#8221; parallax_method=&#8221;off&#8221; make_equal=&#8221;off&#8221; column_padding_mobile=&#8221;on&#8221; parallax_1=&#8221;off&#8221; parallax_method_1=&#8221;off&#8221; parallax_2=&#8221;off&#8221; parallax_method_2=&#8221;on&#8221; parallax_3=&#8221;off&#8221; parallax_method_3=&#8221;on&#8221; parallax_4=&#8221;off&#8221; parallax_method_4=&#8221;on&#8221; admin_label=&#8221;Row&#8221; disabled=&#8221;off&#8221;][et_pb_column type=&#8221;4_4&#8243; disabled=&#8221;off&#8221; parallax=&#8221;off&#8221; parallax_method=&#8221;off&#8221; column_padding_mobile=&#8221;on&#8221;][et_pb_image src=&#8221;http:\/\/www.fusariumwilt.org\/wp-content\/uploads\/2016\/04\/PanamaDisease-divider-1-1.jpg&#8221; alt=&#8221;Panama Disease divider&#8221; show_in_lightbox=&#8221;off&#8221; url_new_window=&#8221;off&#8221; use_overlay=&#8221;off&#8221; animation=&#8221;off&#8221; sticky=&#8221;on&#8221; align=&#8221;center&#8221; force_fullwidth=&#8221;off&#8221; always_center_on_mobile=&#8221;on&#8221; admin_label=&#8221;Panama Disease Divider&#8221; use_border_color=&#8221;off&#8221; border_color=&#8221;#ffffff&#8221; border_width=&#8221;1px&#8221; border_style=&#8221;solid&#8221; custom_margin=&#8221;||10px|&#8221; disabled=&#8221;off&#8221;] [\/et_pb_image][et_pb_divider color=&#8221;#ffffff&#8221; show_divider=&#8221;on&#8221; divider_style=&#8221;solid&#8221; divider_position=&#8221;top&#8221; divider_weight=&#8221;1px&#8221; hide_on_mobile=&#8221;on&#8221; admin_label=&#8221;Divider&#8221; disabled=&#8221;off&#8221;] [\/et_pb_divider][\/et_pb_column][\/et_pb_row][\/et_pb_section][et_pb_section transparent_background=&#8221;off&#8221; allow_player_pause=&#8221;off&#8221; inner_shadow=&#8221;off&#8221; parallax=&#8221;off&#8221; parallax_method=&#8221;off&#8221; padding_mobile=&#8221;off&#8221; make_fullwidth=&#8221;off&#8221; use_custom_width=&#8221;off&#8221; width_unit=&#8221;on&#8221; custom_width_px=&#8221;1080px&#8221; custom_width_percent=&#8221;80%&#8221; make_equal=&#8221;off&#8221; use_custom_gutter=&#8221;off&#8221; fullwidth=&#8221;off&#8221; specialty=&#8221;off&#8221; admin_label=&#8221;Section&#8221; module_id=&#8221;hechos-y-datos&#8221; disabled=&#8221;off&#8221;][et_pb_row make_fullwidth=&#8221;off&#8221; use_custom_width=&#8221;off&#8221; width_unit=&#8221;on&#8221; custom_width_px=&#8221;1080px&#8221; custom_width_percent=&#8221;80%&#8221; use_custom_gutter=&#8221;on&#8221; gutter_width=&#8221;1&#8243; custom_padding=&#8221;20px|||&#8221; padding_mobile=&#8221;on&#8221; allow_player_pause=&#8221;off&#8221; parallax=&#8221;off&#8221; parallax_method=&#8221;off&#8221; make_equal=&#8221;off&#8221; column_padding_mobile=&#8221;on&#8221; parallax_1=&#8221;off&#8221; parallax_method_1=&#8221;off&#8221; parallax_2=&#8221;off&#8221; parallax_method_2=&#8221;on&#8221; parallax_3=&#8221;off&#8221; parallax_method_3=&#8221;on&#8221; parallax_4=&#8221;off&#8221; parallax_method_4=&#8221;on&#8221; admin_label=&#8221;Row&#8221; disabled=&#8221;off&#8221;][et_pb_column type=&#8221;4_4&#8243; disabled=&#8221;off&#8221; parallax=&#8221;off&#8221; parallax_method=&#8221;off&#8221; column_padding_mobile=&#8221;on&#8221;][et_pb_text background_layout=&#8221;light&#8221; text_orientation=&#8221;left&#8221; admin_label=&#8221;Hechos y datos&#8221; text_font=&#8221;Arvo|||on|&#8221; text_font_size=&#8221;24&#8243; text_text_color=&#8221;#595959&#8243; use_border_color=&#8221;off&#8221; border_style=&#8221;solid&#8221; disabled=&#8221;off&#8221;]<\/p>\n<h1>Hechos y datos<\/h1>\n<p>[\/et_pb_text][\/et_pb_column][\/et_pb_row][et_pb_row make_fullwidth=&#8221;off&#8221; use_custom_width=&#8221;off&#8221; width_unit=&#8221;on&#8221; custom_width_px=&#8221;1080px&#8221; custom_width_percent=&#8221;80%&#8221; use_custom_gutter=&#8221;on&#8221; gutter_width=&#8221;1&#8243; custom_padding=&#8221;15px||15px|&#8221; padding_mobile=&#8221;off&#8221; allow_player_pause=&#8221;off&#8221; parallax=&#8221;off&#8221; parallax_method=&#8221;off&#8221; make_equal=&#8221;off&#8221; column_padding_mobile=&#8221;on&#8221; parallax_1=&#8221;off&#8221; parallax_method_1=&#8221;off&#8221; parallax_2=&#8221;off&#8221; parallax_method_2=&#8221;on&#8221; parallax_3=&#8221;off&#8221; parallax_method_3=&#8221;on&#8221; parallax_4=&#8221;off&#8221; parallax_method_4=&#8221;on&#8221; admin_label=&#8221;Row&#8221; disabled=&#8221;off&#8221;][et_pb_column type=&#8221;4_4&#8243; disabled=&#8221;off&#8221; parallax=&#8221;off&#8221; parallax_method=&#8221;off&#8221; column_padding_mobile=&#8221;on&#8221;][et_pb_image src=&#8221;http:\/\/www.fusariumwilt.org\/wp-content\/uploads\/2017\/01\/infographic-es-6af4425082e506aaf054ea290df0c4c9-1.jpg&#8221; show_in_lightbox=&#8221;off&#8221; url_new_window=&#8221;off&#8221; use_overlay=&#8221;off&#8221; animation=&#8221;top&#8221; sticky=&#8221;off&#8221; align=&#8221;center&#8221; force_fullwidth=&#8221;on&#8221; always_center_on_mobile=&#8221;on&#8221; admin_label=&#8221;Image&#8221; use_border_color=&#8221;off&#8221; border_color=&#8221;#ffffff&#8221; border_width=&#8221;1px&#8221; border_style=&#8221;solid&#8221; custom_margin=&#8221;15px||30px|&#8221; disabled=&#8221;off&#8221;] [\/et_pb_image][\/et_pb_column][\/et_pb_row][\/et_pb_section][et_pb_section transparent_background=&#8221;off&#8221; background_color=&#8221;#595959&#8243; allow_player_pause=&#8221;off&#8221; inner_shadow=&#8221;off&#8221; parallax=&#8221;off&#8221; parallax_method=&#8221;off&#8221; padding_mobile=&#8221;off&#8221; make_fullwidth=&#8221;off&#8221; use_custom_width=&#8221;off&#8221; width_unit=&#8221;on&#8221; make_equal=&#8221;off&#8221; use_custom_gutter=&#8221;off&#8221; fullwidth=&#8221;off&#8221; specialty=&#8221;off&#8221; admin_label=&#8221;Section&#8221; disabled=&#8221;off&#8221; global_module=&#8221;985&#8243;][et_pb_row make_fullwidth=&#8221;on&#8221; use_custom_width=&#8221;off&#8221; width_unit=&#8221;on&#8221; custom_width_px=&#8221;1080px&#8221; custom_width_percent=&#8221;80%&#8221; use_custom_gutter=&#8221;off&#8221; gutter_width=&#8221;2&#8243; padding_mobile=&#8221;off&#8221; allow_player_pause=&#8221;off&#8221; parallax=&#8221;off&#8221; parallax_method=&#8221;off&#8221; make_equal=&#8221;off&#8221; column_padding_mobile=&#8221;on&#8221; parallax_1=&#8221;off&#8221; parallax_method_1=&#8221;off&#8221; parallax_2=&#8221;off&#8221; parallax_method_2=&#8221;off&#8221; parallax_3=&#8221;off&#8221; parallax_method_3=&#8221;off&#8221; parallax_4=&#8221;off&#8221; parallax_method_4=&#8221;off&#8221; admin_label=&#8221;Row&#8221; disabled=&#8221;off&#8221;][et_pb_column type=&#8221;1_4&#8243; disabled=&#8221;off&#8221; parallax=&#8221;off&#8221; parallax_method=&#8221;off&#8221; column_padding_mobile=&#8221;on&#8221;][et_pb_image src=&#8221;http:\/\/www.fusariumwilt.org\/wp-content\/uploads\/2016\/10\/WUR_W_standard-1.png&#8221; show_in_lightbox=&#8221;off&#8221; url=&#8221;http:\/\/www.wageningenur.nl&#8221; url_new_window=&#8221;on&#8221; use_overlay=&#8221;off&#8221; animation=&#8221;off&#8221; sticky=&#8221;off&#8221; align=&#8221;left&#8221; force_fullwidth=&#8221;on&#8221; always_center_on_mobile=&#8221;on&#8221; admin_label=&#8221;Image&#8221; use_border_color=&#8221;off&#8221; border_color=&#8221;#ffffff&#8221; border_width=&#8221;1px&#8221; border_style=&#8221;solid&#8221; custom_margin=&#8221;15px|15px||&#8221; disabled=&#8221;off&#8221;]<\/p>\n<p>[\/et_pb_image][\/et_pb_column][et_pb_column type=&#8221;1_4&#8243; disabled=&#8221;off&#8221; parallax=&#8221;off&#8221; parallax_method=&#8221;off&#8221; column_padding_mobile=&#8221;on&#8221;][\/et_pb_column][et_pb_column type=&#8221;1_4&#8243; disabled=&#8221;off&#8221; parallax=&#8221;off&#8221; parallax_method=&#8221;off&#8221; column_padding_mobile=&#8221;on&#8221;][\/et_pb_column][et_pb_column type=&#8221;1_4&#8243; disabled=&#8221;off&#8221; parallax=&#8221;off&#8221; parallax_method=&#8221;off&#8221; column_padding_mobile=&#8221;on&#8221;][\/et_pb_column][\/et_pb_row][et_pb_row make_fullwidth=&#8221;off&#8221; use_custom_width=&#8221;off&#8221; width_unit=&#8221;on&#8221; custom_width_px=&#8221;1080px&#8221; custom_width_percent=&#8221;80%&#8221; use_custom_gutter=&#8221;off&#8221; gutter_width=&#8221;2&#8243; padding_mobile=&#8221;off&#8221; allow_player_pause=&#8221;off&#8221; parallax=&#8221;off&#8221; parallax_method=&#8221;off&#8221; make_equal=&#8221;off&#8221; column_padding_mobile=&#8221;on&#8221; parallax_1=&#8221;off&#8221; parallax_method_1=&#8221;off&#8221; parallax_2=&#8221;off&#8221; parallax_method_2=&#8221;off&#8221; parallax_3=&#8221;off&#8221; parallax_method_3=&#8221;off&#8221; parallax_4=&#8221;off&#8221; parallax_method_4=&#8221;off&#8221; admin_label=&#8221;Row&#8221; disabled=&#8221;off&#8221;][et_pb_column type=&#8221;1_4&#8243; disabled=&#8221;off&#8221; parallax=&#8221;off&#8221; parallax_method=&#8221;off&#8221; column_padding_mobile=&#8221;on&#8221;][et_pb_text background_layout=&#8221;light&#8221; text_orientation=&#8221;left&#8221; admin_label=&#8221;Text&#8221; text_font=&#8221;Arvo||||&#8221; use_border_color=&#8221;off&#8221; border_style=&#8221;solid&#8221; custom_padding=&#8221;15px|15px|30px|&#8221; disabled=&#8221;off&#8221;]<\/p>\n<p class=\"p1\"><span style=\"color: #dbdbdb;\">P.O. BOX 69 <\/span><\/p>\n<p class=\"p1\"><span style=\"color: #dbdbdb;\">6700 AB WAGENINGEN <\/span><\/p>\n<p class=\"p1\"><span style=\"color: #dbdbdb;\">+31 317 48 06 32 <\/span><\/p>\n<p class=\"p1\"><a href=\"mailto:INFO@PANAMADISEASE.ORG\"><span style=\"color: #dbdbdb;\">INFO@PANAMADISEASE.ORG<\/span><\/a><\/p>\n<p>[\/et_pb_text][\/et_pb_column][et_pb_column type=&#8221;1_4&#8243; disabled=&#8221;off&#8221; parallax=&#8221;off&#8221; parallax_method=&#8221;off&#8221; column_padding_mobile=&#8221;on&#8221;][et_pb_text background_layout=&#8221;light&#8221; text_orientation=&#8221;left&#8221; admin_label=&#8221;Text&#8221; text_font=&#8221;Arvo||||&#8221; use_border_color=&#8221;off&#8221; border_style=&#8221;solid&#8221; custom_padding=&#8221;15px|15px|30px|&#8221; disabled=&#8221;off&#8221;]<\/p>\n<p class=\"p1\"><a href=\"http:\/\/www.fusariumwilt.org\/index.php\/es\/acerca-de\/\"><span style=\"color: #dbdbdb;\">ARCERCA DE<\/span><\/a><\/p>\n<p class=\"p1\"><a href=\"http:\/\/www.fusariumwilt.org\/index.php\/es\/info-y-datos\/\"><span style=\"color: #dbdbdb;\">INFO Y\u00a0DATOS<\/span><\/a><\/p>\n<p class=\"p1\"><a href=\"http:\/\/www.fusariumwilt.org\/index.php\/es\/el-problema\/\"><span style=\"color: #dbdbdb;\">EL\u00a0PROBLEMA<\/span><\/a><\/p>\n<p class=\"p1\"><a href=\"http:\/\/www.fusariumwilt.org\/index.php\/es\/proyectos\/\"><span style=\"color: #dbdbdb;\">PROYECTOS<\/span><\/a><\/p>\n<p class=\"p1\"><a href=\"http:\/\/www.fusariumwilt.org\/index.php\/es\/resultados\/\"><span style=\"color: #dbdbdb;\">RESULTADOS<\/span><\/a><\/p>\n<p class=\"p1\"><a href=\"http:\/\/www.fusariumwilt.org\/index.php\/es\/noticias\/\"><span style=\"color: #dbdbdb;\">NOTICIAS<\/span><\/a><\/p>\n<p class=\"p1\"><a href=\"http:\/\/www.fusariumwilt.org\/index.php\/es\/contacto\/\"><span style=\"color: #dbdbdb;\">CONTACTO<\/span><\/a><\/p>\n<p>[\/et_pb_text][\/et_pb_column][et_pb_column type=&#8221;1_4&#8243; disabled=&#8221;off&#8221; parallax=&#8221;off&#8221; parallax_method=&#8221;off&#8221; column_padding_mobile=&#8221;on&#8221;][et_pb_text background_layout=&#8221;light&#8221; text_orientation=&#8221;left&#8221; admin_label=&#8221;Text&#8221; text_font=&#8221;Arvo||||&#8221; use_border_color=&#8221;off&#8221; border_style=&#8221;solid&#8221; custom_padding=&#8221;15px|15px|30px|&#8221; disabled=&#8221;off&#8221;]<\/p>\n<p class=\"p1\"><a href=\"http:\/\/www.fusariumwilt.org\/index.php\/es\/sponsors-2\/\"><span style=\"color: #dbdbdb;\">PRICIPAL SPONSORS <\/span><\/a><\/p>\n<p class=\"p1\"><a href=\"http:\/\/www.fusariumwilt.org\/index.php\/es\/sponsors-2\/\"><span style=\"color: #dbdbdb;\">SPONSORS<\/span><\/a><\/p>\n<p class=\"p1\"><span style=\"color: #dbdbdb;\">SPONSORS\/SOCIOS<\/span><\/p>\n<p>[\/et_pb_text][\/et_pb_column][et_pb_column type=&#8221;1_4&#8243; disabled=&#8221;off&#8221; parallax=&#8221;off&#8221; parallax_method=&#8221;off&#8221; column_padding_mobile=&#8221;on&#8221;][et_pb_text background_layout=&#8221;light&#8221; text_orientation=&#8221;left&#8221; admin_label=&#8221;Text&#8221; text_font=&#8221;Arvo||||&#8221; use_border_color=&#8221;off&#8221; border_style=&#8221;solid&#8221; custom_padding=&#8221;15px|15px|30px|&#8221; disabled=&#8221;off&#8221;]<\/p>\n<p class=\"p1\"><a href=\"http:\/\/www.fusariumwilt.org\/index.php\/es\/subscribirse-al-boletin\/\"><span style=\"color: #dbdbdb;\">SUBSCRIBIRSE AL BOLET\u00cdN <\/span><\/a><\/p>\n<p class=\"p1\"><a href=\"https:\/\/www.facebook.com\/BananaFriendForever\" target=\"_blank\"><span style=\"color: #dbdbdb;\">SE UN AGIMO DE LAS BANANAS<\/span> <\/a><\/p>\n<p class=\"p1\"><a href=\"https:\/\/twitter.com\/bananaresearch\"><span style=\"color: #dbdbdb;\">\u00a1DA TU APOYO CON UN TWEET!<\/span><\/a><\/p>\n<p>[\/et_pb_text][et_pb_social_media_follow link_shape=&#8221;circle&#8221; background_layout=&#8221;light&#8221; url_new_window=&#8221;on&#8221; follow_button=&#8221;off&#8221; admin_label=&#8221;Social Media Follow&#8221; disabled=&#8221;off&#8221;][et_pb_social_media_follow_network social_network=&#8221;facebook&#8221; url=&#8221;https:\/\/www.facebook.com\/BananaFriendForever&#8221; skype_action=&#8221;call&#8221; bg_color=&#8221;#ffbb00&#8243; disabled=&#8221;off&#8221; link_shape=&#8221;circle&#8221; follow_button=&#8221;off&#8221; url_new_window=&#8221;on&#8221;] facebook [\/et_pb_social_media_follow_network][et_pb_social_media_follow_network social_network=&#8221;twitter&#8221; url=&#8221;https:\/\/twitter.com\/bananaresearch&#8221; skype_action=&#8221;call&#8221; bg_color=&#8221;#ffbb00&#8243; disabled=&#8221;off&#8221; link_shape=&#8221;circle&#8221; follow_button=&#8221;off&#8221; url_new_window=&#8221;on&#8221;] Twitter [\/et_pb_social_media_follow_network][\/et_pb_social_media_follow][\/et_pb_column][\/et_pb_row][\/et_pb_section]<\/p>\n","protected":false},"excerpt":{"rendered":"<p>Biolog\u00eda de la banana La planta de banana (banano y pl&aacute;tano) es una de la plantas cultivadas m&aacute;s antiguas. Es nativa de las regiones tropicales del sur y del sudeste asi&aacute;tico. All&iacute; est&aacute; su centro gen&eacute;tico y, por lo tanto, la mayor diversidad gen&eacute;tica de la planta de banana silvestre. El muestreo de esta diversidad [&hellip;]<\/p>\n","protected":false},"author":1,"featured_media":0,"parent":0,"menu_order":0,"comment_status":"closed","ping_status":"closed","template":"","meta":{"_et_pb_use_builder":"on","_et_pb_old_content":"","_et_gb_content_width":"","_uf_show_specific_survey":0,"_uf_disable_surveys":false,"iawp_total_views":529,"footnotes":""},"class_list":["post-935","page","type-page","status-publish","hentry"],"aioseo_notices":[],"_links":{"self":[{"href":"https:\/\/fusariumwilt.org\/index.php\/wp-json\/wp\/v2\/pages\/935","targetHints":{"allow":["GET"]}}],"collection":[{"href":"https:\/\/fusariumwilt.org\/index.php\/wp-json\/wp\/v2\/pages"}],"about":[{"href":"https:\/\/fusariumwilt.org\/index.php\/wp-json\/wp\/v2\/types\/page"}],"author":[{"embeddable":true,"href":"https:\/\/fusariumwilt.org\/index.php\/wp-json\/wp\/v2\/users\/1"}],"replies":[{"embeddable":true,"href":"https:\/\/fusariumwilt.org\/index.php\/wp-json\/wp\/v2\/comments?post=935"}],"version-history":[{"count":2,"href":"https:\/\/fusariumwilt.org\/index.php\/wp-json\/wp\/v2\/pages\/935\/revisions"}],"predecessor-version":[{"id":1969,"href":"https:\/\/fusariumwilt.org\/index.php\/wp-json\/wp\/v2\/pages\/935\/revisions\/1969"}],"wp:attachment":[{"href":"https:\/\/fusariumwilt.org\/index.php\/wp-json\/wp\/v2\/media?parent=935"}],"curies":[{"name":"wp","href":"https:\/\/api.w.org\/{rel}","templated":true}]}}